{"id":463,"date":"2017-07-19T21:02:10","date_gmt":"2017-07-19T21:02:10","guid":{"rendered":"https:\/\/javierjg.es\/blog\/?page_id=463"},"modified":"2017-07-19T21:02:10","modified_gmt":"2017-07-19T21:02:10","slug":"politica-privacidad-proteccion-datos","status":"publish","type":"page","link":"https:\/\/javierjg.es\/blog\/politica-privacidad-proteccion-datos\/","title":{"rendered":"Pol\u00edtica de Privacidad y Protecci\u00f3n de Datos"},"content":{"rendered":"<p><span style=\"font-family: ABeeZee;\">JavierJG. cumple \u00edntegramente con la legislaci\u00f3n vigente en materia de protecci\u00f3n de datos de car\u00e1cter personal para que su informaci\u00f3n personal se conserve de forma segura.<\/span><\/p>\n<p><strong><span style=\"font-family: ABeeZee;\">1.- RESPONSABLE DEL TRATAMIENTO<\/span><\/strong><\/p>\n<p><span style=\"font-family: ABeeZee;\">La presente pol\u00edtica de protecci\u00f3n de datos regula el acceso y el uso del servicio del presente sitio web (en adelante, el \u201cSitio Web\u201d) que Javier Jim\u00e9nez Garc\u00eda (en adelante, el \u201cResponsable\u201d), con DNI 78975584-R, y con domicilio en Calle Pitera 48-B, 35600 Puerto del Rosario, Las Palmas, pone a disposici\u00f3n de los Usuarios interesados en los servicios ofrecidos por el Sitio Web.<\/span><\/p>\n<p><span style=\"font-family: ABeeZee;\">Los Usuarios podr\u00e1n contactar con el Responsable al siguiente correo electr\u00f3nico:\u00a0<em>javier.raidpc @ yahoo.es<\/em><\/span><\/p>\n<p><span style=\"font-family: ABeeZee;\"><strong>2.- PROCESAMIENTO DE DATOS PERSONALES, FINALIDAD DEL TRATAMIENTO Y CESI\u00d3N DE DATOS PERSONALES.<\/strong><\/span><\/p>\n<p><span style=\"font-family: ABeeZee;\">El Responsable recaba datos personales de los Usuarios a trav\u00e9s de los formularios de registro, con la finalidad de mejorar la comunicaci\u00f3n con Usuarios del Sitio Web. Se le informar\u00e1 en su caso de la obligatoriedad de facilitar determinados datos, tales como el nombre y apellidos, la direcci\u00f3n de email, el tel\u00e9fono, el domicilio, entre otros datos personales, sin los cuales no ser\u00eda posible llevar a cabo las finalidades detalladas en la presente Pol\u00edtica de Privacidad.<\/span><\/p>\n<p><span style=\"font-family: ABeeZee;\">2.1\u00a0<u>Tratamiento de los datos personales por parte del Responsable<\/u>.<\/span><\/p>\n<p><span style=\"font-family: ABeeZee;\">Le informamos que el Responsable trata sus datos personales conforme las exigencias establecidas en la Ley Org\u00e1nica 15\/1999, de 13 de diciembre, de Protecci\u00f3n de Datos de Car\u00e1cter Personal (en adelante, \u201cLOPD\u201d), en el Real Decreto 1720\/2007, de 21 de diciembre, por el que se aprueba el Reglamento de desarrollo de la LOPD (en adelante, \u201cRLOPD\u201d), en la Ley 34\/2002 de 11 de julio, de Servicios de Sociedad de la Informaci\u00f3n (en adelante, \u201cLSSI\u201d) y en la Ley 9\/2014, de 9 de mayo, General de Telecomunicaciones (en adelante, \u201cLGT\u201d).<\/span><\/p>\n<p><span style=\"font-family: ABeeZee;\">En cumplimiento con lo dispuesto en la LOPD, le informamos que los datos que facilite al cumplimentar cualquier formulario electr\u00f3nico disponible en el Sitio Web, ser\u00e1n incorporados en un fichero automatizado de datos de car\u00e1cter personal inscrito en el Registro General de la Agencia Espa\u00f1ola de Protecci\u00f3n de Datos, del que es responsable Javier Jim\u00e9nez Garc\u00eda.<\/span><\/p>\n<p><span style=\"font-family: ABeeZee;\">2.2.-\u00a0<u>Finalidad de la recogida de los datos personales recabados por el Responsable<\/u><u>.<\/u><\/span><\/p>\n<p><span style=\"font-family: ABeeZee;\">El Responsable se compromete a que los datos de car\u00e1cter personal solicitados ser\u00e1n los estrictamente necesarios para llevar a cabo las finalidades que se detallan a continuaci\u00f3n. En este sentido, sus datos de car\u00e1cter personal podr\u00e1n ser utilizados para las siguientes finalidades:<\/span><\/p>\n<ul>\n<li><span style=\"font-family: ABeeZee;\">Facilitarle informaci\u00f3n detallada sobre los servicios contratados a trav\u00e9s del Sitio Web.<\/span><\/li>\n<li><span style=\"font-family: ABeeZee;\">Enviarle informaci\u00f3n adicional de los servicios ofrecidos por el Responsable.<\/span><\/li>\n<li><span style=\"font-family: ABeeZee;\">Resolver cualquier duda o consulta que se le pueda plantear en relaci\u00f3n a los servicios ofrecidos por el Responsable.<\/span><\/li>\n<li><span style=\"font-family: ABeeZee;\">Remitirle Newsletters.<\/span><\/li>\n<\/ul>\n<p><span style=\"font-family: ABeeZee;\">En concreto, sus datos personales ser\u00e1n utilizados para remitirle Newsletters, y comunicaciones comerciales y promocionales relacionadas con los servicios que presta el REsponsable por carta, tel\u00e9fono, correo electr\u00f3nico, SMS\/MMS, o por otros medios de comunicaci\u00f3n electr\u00f3nica equivalentes (tweets, WhatsApp, etc.) y ello al amparo de lo establecido en la LOPD, LSSI y LGT.<\/span><\/p>\n<p><span style=\"font-family: ABeeZee;\">Le informamos de que podr\u00e1 oponerse en todo momento a que sus datos sean tratados con una finalidad de publicidad y prospecci\u00f3n comercial y que podr\u00e1 solicitar m\u00e1s informaci\u00f3n sobre el tratamiento de sus datos personales, usando los medios espec\u00edficos que se reconozcan en las propias comunicaciones comerciales.<\/span><\/p>\n<p><span style=\"font-family: ABeeZee;\">Los datos recabados por el Responsable se conservar\u00e1n mientras se mantenga la relaci\u00f3n entre las partes, siempre y cuando no se solicite la supresi\u00f3n de dichos datos por el interesado.<\/span><\/p>\n<p><span style=\"font-family: ABeeZee;\">Conforme al Principio de Limitaci\u00f3n de la Finalidad de los Datos recogido en el Reglamento (UE) 2016\/679 del Parlamento Europeo y del Consejo, de 27 de abril de 2016, relativo a la protecci\u00f3n de las personas f\u00edsicas en lo que respecta al tratamiento de datos personales y a la libre circulaci\u00f3n de estos datos, se informa al Usuario que sus datos ser\u00e1n recogidos \u00fanicamente para los fines expuestos en los p\u00e1rrafos anteriores y no ser\u00e1n tratados de manera incompatible con dichos fines.<\/span><\/p>\n<p><span style=\"font-family: ABeeZee;\"><strong>3.- LEGITIMACI\u00d3N.<\/strong><\/span><\/p>\n<p><span style=\"font-family: ABeeZee;\">El Responsable tiene legitimaci\u00f3n para el tratamiento de datos por ejecuci\u00f3n del contrato mediante el cual, los Usuarios, acceden a los Servicios ofrecidos en el Sitio Web.<\/span><\/p>\n<p><span style=\"font-family: ABeeZee;\">La comunicaci\u00f3n de los datos personales por parte del Usuario al Responsable es un requisito necesario para la prestaci\u00f3n de los Servicios ofrecidos en el Sitio Web, por lo que, la omisi\u00f3n de la informaci\u00f3n imposibilitar\u00e1 la prestaci\u00f3n del Servicio por parte de del Responsable.<\/span><\/p>\n<p><span style=\"font-family: ABeeZee;\">El uso de los datos recabados con la finalidad de oferta prospectiva de productos y\/o servicios a los Usuarios, est\u00e1 basada en el consentimiento prestado por el interesado, sin que, en ning\u00fan caso, la retirada de dicho consentimiento condicione la ejecuci\u00f3n del contrato de prestaci\u00f3n de servicios.<\/span><\/p>\n<p><span style=\"font-family: ABeeZee;\"><strong>4.- CAR\u00c1CTER OBLIGATORIO O FACULTATIVO DE LA INFORMACI\u00d3N FACILITADA POR EL USUARIO Y VERACIDAD DE LOS DATOS<\/strong><\/span><\/p>\n<p><span style=\"font-family: ABeeZee;\">El Usuario garantiza que los datos personales facilitados son veraces y se hace responsable de comunicar al Responsable cualquier modificaci\u00f3n de los mismos. El Usuario responder\u00e1, en cualquier caso, de la veracidad de los datos facilitados, reserv\u00e1ndose el Responsable el derecho a excluir de los servicios registrados a todo Usuario que haya facilitado datos falsos, sin perjuicio de las dem\u00e1s acciones que procedan en Derecho.<\/span><\/p>\n<p><span style=\"font-family: ABeeZee;\"><strong>5.- PR\u00c1CTICAS NO PERMITIDAS<\/strong><\/span><\/p>\n<p><span style=\"font-family: ABeeZee;\">El Responsable anular\u00e1 el registro de Usuarios que: (i) incluyan o promocionen material il\u00edcito, inmoral, obsceno o nocivo; (ii) promocionen cualquier tipo de discriminaci\u00f3n; (iii) Remitan \u201cbulk (correo masivo), junk (correo basura), o spam e-mail (correo no deseado)\u201d o \u201cnewsgroup communications\u201d cuando no hayan sido solicitados; (iv) incumplan alg\u00fan derecho de propiedad intelectual o industrial de terceros. Asimismo, el Usuario se obliga a abstenerse de utilizar y recabar datos a partir de listas de distribuci\u00f3n a las que se pueda acceder a trav\u00e9s de las informaciones y servicios contenidos en el Sitio Web para la realizaci\u00f3n de actividades con fines promocionales o publicitarios, as\u00ed como de remitir comunicaciones comerciales de cualquier clase y a trav\u00e9s de cualquier soporte no solicitados ni previamente consentidos por el Responsable y\/o los Usuarios del Sitio Web.<\/span><\/p>\n<p><span style=\"font-family: ABeeZee;\"><strong>6.- DERECHOS DE ACCESO, RECTIFICACI\u00d3N, CANCELACI\u00d3N Y OPOSICI\u00d3N<\/strong><\/span><\/p>\n<p><span style=\"font-family: ABeeZee;\">El Usuario podr\u00e1 dirigir sus comunicaciones y ejercitar los derechos de acceso, rectificaci\u00f3n, cancelaci\u00f3n y oposici\u00f3n, mediante el env\u00edo de un correo electr\u00f3nico a la direcci\u00f3n de email <em>javier.raidpc @ yahoo.e<\/em>s\u00a0o bien por correo ordinario dirigido al domicilio situado en \u00a0Calle Pitera 48-B, 35600, Puerto del Rosario, Las Palmas.<\/span><\/p>\n<p><span style=\"font-family: ABeeZee;\">La comunicaci\u00f3n dirigida al Responsable deber\u00e1 contener la siguiente informaci\u00f3n:<\/span><\/p>\n<ul>\n<li><span style=\"font-family: ABeeZee;\">Nombre y apellidos del Usuario; fotocopia de su documento nacional de identidad, o de su pasaporte u otro documento v\u00e1lido que lo identifique (es necesario que usted acredite su personalidad mediante el env\u00edo de una fotocopia de su Documento Nacional de Identidad o cualquier otro medio de identificaci\u00f3n v\u00e1lido en Derecho).<\/span><\/li>\n<li><span style=\"font-family: ABeeZee;\">Petici\u00f3n en que se concreta la solicitud.<\/span><\/li>\n<li><span style=\"font-family: ABeeZee;\">Direcci\u00f3n a efectos de notificaciones, fecha y firma del Usuario.<\/span><\/li>\n<li><span style=\"font-family: ABeeZee;\">Documentos acreditativos de la petici\u00f3n que formula.<\/span><\/li>\n<\/ul>\n<p><span style=\"font-family: ABeeZee;\">Los Usuarios podr\u00e1n retirar el consentimiento prestado para el uso de sus datos con la finalidad de env\u00edo de Newsletters o informaci\u00f3n comercial en cualquier momento.<\/span><\/p>\n<p><span style=\"font-family: ABeeZee;\">Sin perjuicio de cualquier otro recurso administrativo o acci\u00f3n judicial, los Usuarios tendr\u00e1n derecho a presentar una reclamaci\u00f3n ante una Autoridad de Control, en particular en el Estado miembro en el que tenga su residencia habitual, lugar de trabajo o lugar de la supuesta infracci\u00f3n, en caso de que considere que el tratamiento de sus datos personales no es adecuado a la normativa, as\u00ed como en el caso de no ver satisfecho el ejercicio de sus derechos. La autoridad de control ante la que se haya presentado la reclamaci\u00f3n informar\u00e1 al reclamante sobre el curso y el resultado de la reclamaci\u00f3n.<\/span><\/p>\n<p><span style=\"font-family: ABeeZee;\"><strong>7.- MEDIDAS DE SEGURIDAD<\/strong><\/span><\/p>\n<p><span style=\"font-family: ABeeZee;\">El Responsable mantiene los niveles de seguridad de protecci\u00f3n de datos personales conforme a la LOPD y RLOPD que contengan datos de car\u00e1cter personal y ha establecido todos los medios t\u00e9cnicos a su alcance para evitar la p\u00e9rdida, mal uso, alteraci\u00f3n, acceso no autorizado y robo de los datos que el Usuario facilite a trav\u00e9s del Sitio Web, sin perjuicio de informarle de que las medidas de seguridad en Internet no son inexpugnables.<\/span><\/p>\n<p><span style=\"font-family: ABeeZee;\">El Responsable se compromete a cumplir con el deber de secreto y confidencialidad respecto de los datos personales contenidos en el fichero automatizado de acuerdo con la legislaci\u00f3n aplicable, as\u00ed como a conferirles un tratamiento seguro en las cesiones que se vayan a producir.<\/span><\/p>\n<p><span style=\"font-family: ABeeZee;\"><strong>8.- MODIFICACIONES DE LA POL\u00cdTICA DE PRIVACIDAD<\/strong><\/span><\/p>\n<p><span style=\"font-family: ABeeZee;\">El Responsable se reserva el derecho de revisar su Pol\u00edtica de Privacidad en el momento que lo considere oportuno, en cuyo caso se comunicar\u00e1 a los Usuarios. No obstante, le rogamos que compruebe de forma regular esta declaraci\u00f3n de privacidad para leer la versi\u00f3n m\u00e1s reciente de la pol\u00edtica de privacidad de el Responsable.<\/span><\/p>\n<p><span style=\"font-family: ABeeZee;\"><strong>9.- ACEPTACI\u00d3N Y CONSENTIMIENTO<\/strong><\/span><\/p>\n<p><span style=\"font-family: ABeeZee;\">El Usuario declara haber sido informado de las condiciones sobre protecci\u00f3n de datos personales, aceptando y consintiendo el tratamiento de los mismos por parte del Responsable, en la forma y para las finalidades indicadas en la presente Pol\u00edtica de Privacidad<\/span><\/p>\n","protected":false},"excerpt":{"rendered":"<p>JavierJG. cumple \u00edntegramente con la legislaci\u00f3n vigente en materia de protecci\u00f3n de datos de car\u00e1cter personal para que su informaci\u00f3n personal se conserve de forma segura. 1.- RESPONSABLE DEL TRATAMIENTO La presente pol\u00edtica de protecci\u00f3n de datos regula el acceso y el uso del servicio del presente sitio web (en adelante, el \u201cSitio Web\u201d) que [&hellip;]<\/p>\n","protected":false},"author":1,"featured_media":0,"parent":0,"menu_order":0,"comment_status":"closed","ping_status":"closed","template":"","meta":{"_et_pb_use_builder":"","_et_pb_old_content":"","_et_gb_content_width":"","footnotes":""},"class_list":["post-463","page","type-page","status-publish","hentry"],"yoast_head":"<!-- This site is optimized with the Yoast SEO plugin v27.4 - https:\/\/yoast.com\/product\/yoast-seo-wordpress\/ -->\n<title>Pol\u00edtica de Privacidad y Protecci\u00f3n de Datos - JavierJG<\/title>\n<meta name=\"robots\" content=\"index, nofollow, max-snippet:-1, max-image-preview:large, max-video-preview:-1\" \/>\n<link rel=\"canonical\" href=\"https:\/\/javierjg.es\/blog\/politica-privacidad-proteccion-datos\/\" \/>\n<meta property=\"og:locale\" content=\"es_ES\" \/>\n<meta property=\"og:type\" content=\"article\" \/>\n<meta property=\"og:title\" content=\"Pol\u00edtica de Privacidad y Protecci\u00f3n de Datos - JavierJG\" \/>\n<meta property=\"og:description\" content=\"JavierJG. cumple \u00edntegramente con la legislaci\u00f3n vigente en materia de protecci\u00f3n de datos de car\u00e1cter personal para que su informaci\u00f3n personal se conserve de forma segura. 1.- RESPONSABLE DEL TRATAMIENTO La presente pol\u00edtica de protecci\u00f3n de datos regula el acceso y el uso del servicio del presente sitio web (en adelante, el \u201cSitio Web\u201d) que [&hellip;]\" \/>\n<meta property=\"og:url\" content=\"https:\/\/javierjg.es\/blog\/politica-privacidad-proteccion-datos\/\" \/>\n<meta property=\"og:site_name\" content=\"JavierJG\" \/>\n<meta property=\"article:publisher\" content=\"https:\/\/www.facebook.com\/javierjimenez.emprendedor\" \/>\n<meta name=\"twitter:card\" content=\"summary_large_image\" \/>\n<meta name=\"twitter:site\" content=\"@javiermonda\" \/>\n<meta name=\"twitter:label1\" content=\"Tiempo de lectura\" \/>\n\t<meta name=\"twitter:data1\" content=\"8 minutos\" \/>\n<script type=\"application\/ld+json\" class=\"yoast-schema-graph\">{\"@context\":\"https:\\\/\\\/schema.org\",\"@graph\":[{\"@type\":\"WebPage\",\"@id\":\"https:\\\/\\\/javierjg.es\\\/blog\\\/politica-privacidad-proteccion-datos\\\/\",\"url\":\"https:\\\/\\\/javierjg.es\\\/blog\\\/politica-privacidad-proteccion-datos\\\/\",\"name\":\"Pol\u00edtica de Privacidad y Protecci\u00f3n de Datos - JavierJG\",\"isPartOf\":{\"@id\":\"https:\\\/\\\/javierjg.es\\\/blog\\\/#website\"},\"datePublished\":\"2017-07-19T21:02:10+00:00\",\"breadcrumb\":{\"@id\":\"https:\\\/\\\/javierjg.es\\\/blog\\\/politica-privacidad-proteccion-datos\\\/#breadcrumb\"},\"inLanguage\":\"es\",\"potentialAction\":[{\"@type\":\"ReadAction\",\"target\":[\"https:\\\/\\\/javierjg.es\\\/blog\\\/politica-privacidad-proteccion-datos\\\/\"]}]},{\"@type\":\"BreadcrumbList\",\"@id\":\"https:\\\/\\\/javierjg.es\\\/blog\\\/politica-privacidad-proteccion-datos\\\/#breadcrumb\",\"itemListElement\":[{\"@type\":\"ListItem\",\"position\":1,\"name\":\"Portada\",\"item\":\"https:\\\/\\\/javierjg.es\\\/blog\\\/\"},{\"@type\":\"ListItem\",\"position\":2,\"name\":\"Pol\u00edtica de Privacidad y Protecci\u00f3n de Datos\"}]},{\"@type\":\"WebSite\",\"@id\":\"https:\\\/\\\/javierjg.es\\\/blog\\\/#website\",\"url\":\"https:\\\/\\\/javierjg.es\\\/blog\\\/\",\"name\":\"JavierJG\",\"description\":\"Blog personal de JavierJG\",\"publisher\":{\"@id\":\"https:\\\/\\\/javierjg.es\\\/blog\\\/#\\\/schema\\\/person\\\/daf3e3ab7db4bf40e58d8ab3b495685e\"},\"alternateName\":\"Blog personal de JavierJG\",\"potentialAction\":[{\"@type\":\"SearchAction\",\"target\":{\"@type\":\"EntryPoint\",\"urlTemplate\":\"https:\\\/\\\/javierjg.es\\\/blog\\\/?s={search_term_string}\"},\"query-input\":{\"@type\":\"PropertyValueSpecification\",\"valueRequired\":true,\"valueName\":\"search_term_string\"}}],\"inLanguage\":\"es\"},{\"@type\":[\"Person\",\"Organization\"],\"@id\":\"https:\\\/\\\/javierjg.es\\\/blog\\\/#\\\/schema\\\/person\\\/daf3e3ab7db4bf40e58d8ab3b495685e\",\"name\":\"JavierJG\",\"image\":{\"@type\":\"ImageObject\",\"inLanguage\":\"es\",\"@id\":\"https:\\\/\\\/javierjg.es\\\/blog\\\/wp-content\\\/uploads\\\/2024\\\/01\\\/JavierJG_Perfil.jpg\",\"url\":\"https:\\\/\\\/javierjg.es\\\/blog\\\/wp-content\\\/uploads\\\/2024\\\/01\\\/JavierJG_Perfil.jpg\",\"contentUrl\":\"https:\\\/\\\/javierjg.es\\\/blog\\\/wp-content\\\/uploads\\\/2024\\\/01\\\/JavierJG_Perfil.jpg\",\"width\":958,\"height\":960,\"caption\":\"JavierJG\"},\"logo\":{\"@id\":\"https:\\\/\\\/javierjg.es\\\/blog\\\/wp-content\\\/uploads\\\/2024\\\/01\\\/JavierJG_Perfil.jpg\"},\"sameAs\":[\"https:\\\/\\\/javierjg.es\\\/blog\",\"https:\\\/\\\/www.facebook.com\\\/javierjimenez.emprendedor\",\"https:\\\/\\\/www.instagram.com\\\/javierjg.es\",\"https:\\\/\\\/www.linkedin.com\\\/in\\\/javierjg\\\/\",\"https:\\\/\\\/x.com\\\/javiermonda\"]}]}<\/script>\n<!-- \/ Yoast SEO plugin. -->","yoast_head_json":{"title":"Pol\u00edtica de Privacidad y Protecci\u00f3n de Datos - JavierJG","robots":{"index":"index","follow":"nofollow","max-snippet":"max-snippet:-1","max-image-preview":"max-image-preview:large","max-video-preview":"max-video-preview:-1"},"canonical":"https:\/\/javierjg.es\/blog\/politica-privacidad-proteccion-datos\/","og_locale":"es_ES","og_type":"article","og_title":"Pol\u00edtica de Privacidad y Protecci\u00f3n de Datos - JavierJG","og_description":"JavierJG. cumple \u00edntegramente con la legislaci\u00f3n vigente en materia de protecci\u00f3n de datos de car\u00e1cter personal para que su informaci\u00f3n personal se conserve de forma segura. 1.- RESPONSABLE DEL TRATAMIENTO La presente pol\u00edtica de protecci\u00f3n de datos regula el acceso y el uso del servicio del presente sitio web (en adelante, el \u201cSitio Web\u201d) que [&hellip;]","og_url":"https:\/\/javierjg.es\/blog\/politica-privacidad-proteccion-datos\/","og_site_name":"JavierJG","article_publisher":"https:\/\/www.facebook.com\/javierjimenez.emprendedor","twitter_card":"summary_large_image","twitter_site":"@javiermonda","twitter_misc":{"Tiempo de lectura":"8 minutos"},"schema":{"@context":"https:\/\/schema.org","@graph":[{"@type":"WebPage","@id":"https:\/\/javierjg.es\/blog\/politica-privacidad-proteccion-datos\/","url":"https:\/\/javierjg.es\/blog\/politica-privacidad-proteccion-datos\/","name":"Pol\u00edtica de Privacidad y Protecci\u00f3n de Datos - JavierJG","isPartOf":{"@id":"https:\/\/javierjg.es\/blog\/#website"},"datePublished":"2017-07-19T21:02:10+00:00","breadcrumb":{"@id":"https:\/\/javierjg.es\/blog\/politica-privacidad-proteccion-datos\/#breadcrumb"},"inLanguage":"es","potentialAction":[{"@type":"ReadAction","target":["https:\/\/javierjg.es\/blog\/politica-privacidad-proteccion-datos\/"]}]},{"@type":"BreadcrumbList","@id":"https:\/\/javierjg.es\/blog\/politica-privacidad-proteccion-datos\/#breadcrumb","itemListElement":[{"@type":"ListItem","position":1,"name":"Portada","item":"https:\/\/javierjg.es\/blog\/"},{"@type":"ListItem","position":2,"name":"Pol\u00edtica de Privacidad y Protecci\u00f3n de Datos"}]},{"@type":"WebSite","@id":"https:\/\/javierjg.es\/blog\/#website","url":"https:\/\/javierjg.es\/blog\/","name":"JavierJG","description":"Blog personal de JavierJG","publisher":{"@id":"https:\/\/javierjg.es\/blog\/#\/schema\/person\/daf3e3ab7db4bf40e58d8ab3b495685e"},"alternateName":"Blog personal de JavierJG","potentialAction":[{"@type":"SearchAction","target":{"@type":"EntryPoint","urlTemplate":"https:\/\/javierjg.es\/blog\/?s={search_term_string}"},"query-input":{"@type":"PropertyValueSpecification","valueRequired":true,"valueName":"search_term_string"}}],"inLanguage":"es"},{"@type":["Person","Organization"],"@id":"https:\/\/javierjg.es\/blog\/#\/schema\/person\/daf3e3ab7db4bf40e58d8ab3b495685e","name":"JavierJG","image":{"@type":"ImageObject","inLanguage":"es","@id":"https:\/\/javierjg.es\/blog\/wp-content\/uploads\/2024\/01\/JavierJG_Perfil.jpg","url":"https:\/\/javierjg.es\/blog\/wp-content\/uploads\/2024\/01\/JavierJG_Perfil.jpg","contentUrl":"https:\/\/javierjg.es\/blog\/wp-content\/uploads\/2024\/01\/JavierJG_Perfil.jpg","width":958,"height":960,"caption":"JavierJG"},"logo":{"@id":"https:\/\/javierjg.es\/blog\/wp-content\/uploads\/2024\/01\/JavierJG_Perfil.jpg"},"sameAs":["https:\/\/javierjg.es\/blog","https:\/\/www.facebook.com\/javierjimenez.emprendedor","https:\/\/www.instagram.com\/javierjg.es","https:\/\/www.linkedin.com\/in\/javierjg\/","https:\/\/x.com\/javiermonda"]}]}},"jetpack_sharing_enabled":true,"_links":{"self":[{"href":"https:\/\/javierjg.es\/blog\/wp-json\/wp\/v2\/pages\/463","targetHints":{"allow":["GET"]}}],"collection":[{"href":"https:\/\/javierjg.es\/blog\/wp-json\/wp\/v2\/pages"}],"about":[{"href":"https:\/\/javierjg.es\/blog\/wp-json\/wp\/v2\/types\/page"}],"author":[{"embeddable":true,"href":"https:\/\/javierjg.es\/blog\/wp-json\/wp\/v2\/users\/1"}],"replies":[{"embeddable":true,"href":"https:\/\/javierjg.es\/blog\/wp-json\/wp\/v2\/comments?post=463"}],"version-history":[{"count":0,"href":"https:\/\/javierjg.es\/blog\/wp-json\/wp\/v2\/pages\/463\/revisions"}],"wp:attachment":[{"href":"https:\/\/javierjg.es\/blog\/wp-json\/wp\/v2\/media?parent=463"}],"curies":[{"name":"wp","href":"https:\/\/api.w.org\/{rel}","templated":true}]}}